{"id":85,"date":"2025-10-21T07:30:11","date_gmt":"2025-10-21T07:30:11","guid":{"rendered":"https:\/\/www.les-legumes-dhilaire.com\/?page_id=85"},"modified":"2025-10-23T13:16:03","modified_gmt":"2025-10-23T13:16:03","slug":"notre-equipe","status":"publish","type":"page","link":"https:\/\/www.les-legumes-dhilaire.com\/?page_id=85","title":{"rendered":"Notre \u00e9quipe"},"content":{"rendered":"\n<figure class=\"wp-block-image alignfull size-large\"><img loading=\"lazy\" decoding=\"async\" width=\"1024\" height=\"576\" src=\"https:\/\/www.les-legumes-dhilaire.com\/wp-content\/uploads\/2025\/03\/Presentation-equipe-1-1024x576.png\" alt=\"\" class=\"wp-image-89\" srcset=\"https:\/\/www.les-legumes-dhilaire.com\/wp-content\/uploads\/2025\/03\/Presentation-equipe-1-1024x576.png 1024w, https:\/\/www.les-legumes-dhilaire.com\/wp-content\/uploads\/2025\/03\/Presentation-equipe-1-600x338.png 600w, https:\/\/www.les-legumes-dhilaire.com\/wp-content\/uploads\/2025\/03\/Presentation-equipe-1-300x169.png 300w, https:\/\/www.les-legumes-dhilaire.com\/wp-content\/uploads\/2025\/03\/Presentation-equipe-1-768x432.png 768w, https:\/\/www.les-legumes-dhilaire.com\/wp-content\/uploads\/2025\/03\/Presentation-equipe-1-1536x864.png 1536w, https:\/\/www.les-legumes-dhilaire.com\/wp-content\/uploads\/2025\/03\/Presentation-equipe-1-2048x1152.png 2048w\" sizes=\"auto, (max-width: 1024px) 100vw, 1024px\" \/><\/figure>\n\n\n\n<p class=\"has-text-align-center is-style-text-display has-background has-medium-font-size is-style-text-display--1\" style=\"border-style:none;border-width:0px;border-radius:0px;background-color:#9b8671;margin-top:0;margin-right:0;margin-bottom:0;margin-left:0\"><strong>L\u2019\u00e9quipe des L\u00e9gumes d\u2019Hilaire<\/strong><br><br>C&rsquo;est avant tout une \u00e9quipe formidable sur laquelle je peux m&rsquo;appuyer et qui m&rsquo;a permis de d\u00e9velopper l&rsquo;activit\u00e9 de mani\u00e8re importante, gr\u00e2ce \u00e0 l&rsquo;implication de tous au fil des ann\u00e9es. <br><br>C&rsquo;est la vraie richesse de notre entreprise ! <\/p>\n","protected":false},"excerpt":{"rendered":"<p>L\u2019\u00e9quipe des L\u00e9gumes d\u2019Hilaire C&rsquo;est avant tout une \u00e9quipe formidable sur laquelle je peux m&rsquo;appuyer et qui m&rsquo;a permis de d\u00e9velopper l&rsquo;activit\u00e9 de mani\u00e8re importante, gr\u00e2ce \u00e0 l&rsquo;implication de tous au fil des ann\u00e9es. C&rsquo;est la vraie richesse de notre entreprise !<\/p>\n","protected":false},"author":1,"featured_media":0,"parent":0,"menu_order":0,"comment_status":"closed","ping_status":"closed","template":"page-no-title","meta":{"footnotes":""},"class_list":["post-85","page","type-page","status-publish","hentry"],"_links":{"self":[{"href":"https:\/\/www.les-legumes-dhilaire.com\/index.php?rest_route=\/wp\/v2\/pages\/85","targetHints":{"allow":["GET"]}}],"collection":[{"href":"https:\/\/www.les-legumes-dhilaire.com\/index.php?rest_route=\/wp\/v2\/pages"}],"about":[{"href":"https:\/\/www.les-legumes-dhilaire.com\/index.php?rest_route=\/wp\/v2\/types\/page"}],"author":[{"embeddable":true,"href":"https:\/\/www.les-legumes-dhilaire.com\/index.php?rest_route=\/wp\/v2\/users\/1"}],"replies":[{"embeddable":true,"href":"https:\/\/www.les-legumes-dhilaire.com\/index.php?rest_route=%2Fwp%2Fv2%2Fcomments&post=85"}],"version-history":[{"count":11,"href":"https:\/\/www.les-legumes-dhilaire.com\/index.php?rest_route=\/wp\/v2\/pages\/85\/revisions"}],"predecessor-version":[{"id":233,"href":"https:\/\/www.les-legumes-dhilaire.com\/index.php?rest_route=\/wp\/v2\/pages\/85\/revisions\/233"}],"wp:attachment":[{"href":"https:\/\/www.les-legumes-dhilaire.com\/index.php?rest_route=%2Fwp%2Fv2%2Fmedia&parent=85"}],"curies":[{"name":"wp","href":"https:\/\/api.w.org\/{rel}","templated":true}]}}