{"id":42,"date":"2025-10-21T07:44:37","date_gmt":"2025-10-21T07:44:37","guid":{"rendered":"https:\/\/www.les-legumes-dhilaire.com\/?page_id=42"},"modified":"2025-11-10T17:55:44","modified_gmt":"2025-11-10T17:55:44","slug":"lhistoire","status":"publish","type":"page","link":"https:\/\/www.les-legumes-dhilaire.com\/?page_id=42","title":{"rendered":"L&rsquo;histoire"},"content":{"rendered":"\n<figure class=\"wp-block-image alignfull size-large\"><img loading=\"lazy\" decoding=\"async\" width=\"1024\" height=\"576\" src=\"https:\/\/www.les-legumes-dhilaire.com\/wp-content\/uploads\/2025\/10\/Ajouter-un-sous-titre-2-1024x576.png\" alt=\"\" class=\"wp-image-152\" srcset=\"https:\/\/www.les-legumes-dhilaire.com\/wp-content\/uploads\/2025\/10\/Ajouter-un-sous-titre-2-1024x576.png 1024w, https:\/\/www.les-legumes-dhilaire.com\/wp-content\/uploads\/2025\/10\/Ajouter-un-sous-titre-2-300x169.png 300w, https:\/\/www.les-legumes-dhilaire.com\/wp-content\/uploads\/2025\/10\/Ajouter-un-sous-titre-2-768x432.png 768w, https:\/\/www.les-legumes-dhilaire.com\/wp-content\/uploads\/2025\/10\/Ajouter-un-sous-titre-2-600x337.png 600w, https:\/\/www.les-legumes-dhilaire.com\/wp-content\/uploads\/2025\/10\/Ajouter-un-sous-titre-2.png 1366w\" sizes=\"auto, (max-width: 1024px) 100vw, 1024px\" \/><\/figure>\n\n\n\n<div class=\"wp-block-media-text alignwide is-stacked-on-mobile has-background\" style=\"border-radius:29px;background-color:#9c8a7669;grid-template-columns:31% auto\"><figure class=\"wp-block-media-text__media\"><img loading=\"lazy\" decoding=\"async\" width=\"690\" height=\"1024\" src=\"https:\/\/www.les-legumes-dhilaire.com\/wp-content\/uploads\/2025\/03\/Photo-3-690x1024.jpg\" alt=\"Repreneur \" class=\"wp-image-71 size-full\" srcset=\"https:\/\/www.les-legumes-dhilaire.com\/wp-content\/uploads\/2025\/03\/Photo-3-690x1024.jpg 690w, https:\/\/www.les-legumes-dhilaire.com\/wp-content\/uploads\/2025\/03\/Photo-3-600x891.jpg 600w, https:\/\/www.les-legumes-dhilaire.com\/wp-content\/uploads\/2025\/03\/Photo-3-202x300.jpg 202w, https:\/\/www.les-legumes-dhilaire.com\/wp-content\/uploads\/2025\/03\/Photo-3-768x1141.jpg 768w, https:\/\/www.les-legumes-dhilaire.com\/wp-content\/uploads\/2025\/03\/Photo-3-1034x1536.jpg 1034w, https:\/\/www.les-legumes-dhilaire.com\/wp-content\/uploads\/2025\/03\/Photo-3.jpg 1379w\" sizes=\"auto, (max-width: 690px) 100vw, 690px\" \/><\/figure><div class=\"wp-block-media-text__content\">\n<p class=\"has-small-font-size\">Monsieur Luc Fert\u00e9, qui a reprit cette exploitation en 1974<\/p>\n<\/div><\/div>\n\n\n\n<div class=\"wp-block-media-text alignwide has-media-on-the-right is-stacked-on-mobile has-background\" style=\"border-radius:29px;background-color:#9c8a7663;grid-template-columns:auto 31%\"><div class=\"wp-block-media-text__content\">\n<p class=\"has-medium-font-size\">Monsieur Benoit Fert\u00e9 qui a reprit cette exploitation en 1986. <\/p>\n<\/div><figure class=\"wp-block-media-text__media\"><img loading=\"lazy\" decoding=\"async\" width=\"706\" height=\"1024\" src=\"https:\/\/www.les-legumes-dhilaire.com\/wp-content\/uploads\/2025\/10\/IMG_0075-copie-706x1024.jpg\" alt=\"\" class=\"wp-image-229 size-full\" srcset=\"https:\/\/www.les-legumes-dhilaire.com\/wp-content\/uploads\/2025\/10\/IMG_0075-copie-706x1024.jpg 706w, https:\/\/www.les-legumes-dhilaire.com\/wp-content\/uploads\/2025\/10\/IMG_0075-copie-207x300.jpg 207w, https:\/\/www.les-legumes-dhilaire.com\/wp-content\/uploads\/2025\/10\/IMG_0075-copie-768x1114.jpg 768w, https:\/\/www.les-legumes-dhilaire.com\/wp-content\/uploads\/2025\/10\/IMG_0075-copie-600x870.jpg 600w, https:\/\/www.les-legumes-dhilaire.com\/wp-content\/uploads\/2025\/10\/IMG_0075-copie.jpg 920w\" sizes=\"auto, (max-width: 706px) 100vw, 706px\" \/><\/figure><\/div>\n\n\n\n<div class=\"wp-block-media-text alignwide is-stacked-on-mobile has-background\" style=\"border-radius:29px;background-color:#9c8a766e;grid-template-columns:31% auto\"><figure class=\"wp-block-media-text__media\"><img decoding=\"async\" src=\"https:\/\/www.les-legumes-dhilaire.com\/wp-content\/uploads\/2025\/10\/IMG_8252.heic\" alt=\"\" class=\"wp-image-230 size-full\"\/><\/figure><div class=\"wp-block-media-text__content\">\n<p class=\"has-medium-font-size\">J&rsquo;ai reprit l&rsquo;exploitation en 2018. J&rsquo;ai en m\u00eame temps lanc\u00e9 Les L\u00e9gumes d&rsquo;Hilaire, avec 4 hectares de lentilles vertes. <\/p>\n<\/div><\/div>\n","protected":false},"excerpt":{"rendered":"<p>Monsieur Luc Fert\u00e9, qui a reprit cette exploitation en 1974 Monsieur Benoit Fert\u00e9 qui a reprit cette exploitation en 1986. J&rsquo;ai reprit l&rsquo;exploitation en 2018. J&rsquo;ai en m\u00eame temps lanc\u00e9 Les L\u00e9gumes d&rsquo;Hilaire, avec 4 hectares de lentilles vertes.<\/p>\n","protected":false},"author":1,"featured_media":0,"parent":0,"menu_order":0,"comment_status":"closed","ping_status":"closed","template":"page-no-title","meta":{"footnotes":""},"class_list":["post-42","page","type-page","status-publish","hentry"],"_links":{"self":[{"href":"https:\/\/www.les-legumes-dhilaire.com\/index.php?rest_route=\/wp\/v2\/pages\/42","targetHints":{"allow":["GET"]}}],"collection":[{"href":"https:\/\/www.les-legumes-dhilaire.com\/index.php?rest_route=\/wp\/v2\/pages"}],"about":[{"href":"https:\/\/www.les-legumes-dhilaire.com\/index.php?rest_route=\/wp\/v2\/types\/page"}],"author":[{"embeddable":true,"href":"https:\/\/www.les-legumes-dhilaire.com\/index.php?rest_route=\/wp\/v2\/users\/1"}],"replies":[{"embeddable":true,"href":"https:\/\/www.les-legumes-dhilaire.com\/index.php?rest_route=%2Fwp%2Fv2%2Fcomments&post=42"}],"version-history":[{"count":8,"href":"https:\/\/www.les-legumes-dhilaire.com\/index.php?rest_route=\/wp\/v2\/pages\/42\/revisions"}],"predecessor-version":[{"id":276,"href":"https:\/\/www.les-legumes-dhilaire.com\/index.php?rest_route=\/wp\/v2\/pages\/42\/revisions\/276"}],"wp:attachment":[{"href":"https:\/\/www.les-legumes-dhilaire.com\/index.php?rest_route=%2Fwp%2Fv2%2Fmedia&parent=42"}],"curies":[{"name":"wp","href":"https:\/\/api.w.org\/{rel}","templated":true}]}}