{"id":227,"date":"2025-10-31T09:33:53","date_gmt":"2025-10-31T09:33:53","guid":{"rendered":"https:\/\/www.les-legumes-dhilaire.com\/?page_id=227"},"modified":"2025-10-31T09:35:20","modified_gmt":"2025-10-31T09:35:20","slug":"les-lentilles","status":"publish","type":"page","link":"https:\/\/www.les-legumes-dhilaire.com\/?page_id=227","title":{"rendered":"Les lentilles"},"content":{"rendered":"\n<figure class=\"wp-block-image alignfull size-large\"><img loading=\"lazy\" decoding=\"async\" width=\"1024\" height=\"576\" src=\"https:\/\/www.les-legumes-dhilaire.com\/wp-content\/uploads\/2025\/10\/Ajouter-un-sous-titre-3-1024x576.png\" alt=\"\" class=\"wp-image-168\" srcset=\"https:\/\/www.les-legumes-dhilaire.com\/wp-content\/uploads\/2025\/10\/Ajouter-un-sous-titre-3-1024x576.png 1024w, https:\/\/www.les-legumes-dhilaire.com\/wp-content\/uploads\/2025\/10\/Ajouter-un-sous-titre-3-300x169.png 300w, https:\/\/www.les-legumes-dhilaire.com\/wp-content\/uploads\/2025\/10\/Ajouter-un-sous-titre-3-768x432.png 768w, https:\/\/www.les-legumes-dhilaire.com\/wp-content\/uploads\/2025\/10\/Ajouter-un-sous-titre-3-600x337.png 600w, https:\/\/www.les-legumes-dhilaire.com\/wp-content\/uploads\/2025\/10\/Ajouter-un-sous-titre-3.png 1366w\" sizes=\"auto, (max-width: 1024px) 100vw, 1024px\" \/><\/figure>\n\n\n\n<h2 class=\"wp-block-heading has-text-align-center\">Un d\u00e9sir d&rsquo;entreprendre et de valoriser notre territoire ! <\/h2>\n\n\n\n<blockquote class=\"wp-block-quote alignfull has-background is-layout-flow wp-block-quote-is-layout-flow\" style=\"border-radius:29px;background-color:#9b8a76;margin-right:0;margin-left:0\">\n<p class=\"has-small-font-size\">Nous sommes avant tout une famille d&rsquo;agriculteurs. Je m&rsquo;appelle Hilaire Fert\u00e9, j&rsquo;ai 30 ans et avec mon \u00e9pouse nous dirigeons l&rsquo;entreprise SAS Hilaire Agri-Services. Voulant apporter un peu de jeunesse \u00e0 notre entreprise, la diversification nous paraissait indispensable. <\/p>\n<\/blockquote>\n\n\n\n<p class=\"has-background has-small-font-size\" style=\"border-radius:29px;background-color:#9b8a76\">J&rsquo;ai introduit la production de lentilles vertes dans notre d\u00e9partement mais aussi au coeur de notre exploitation. <br>\u00c0 force de rencontres, passionnantes, et de travail, nous avons tr\u00e8s vite cru en l&rsquo;avenir des l\u00e9gumes secs en France. Nous avons cherch\u00e9 \u00e0 f\u00e9d\u00e9rer d&rsquo;autres agriculteurs autour de notre projet. Un dossier co-construit avec le groupe ISSIPA dans 13 d\u00e9partements. <br><br>Nous servons aujourd&rsquo;hui de l&rsquo;\u00e9picier \u00e0 l&rsquo;industriel en France et en Europe.<br><br>Riches en prot\u00e9ines et en fibres, nos lentilles vertes sont id\u00e9ales pour les&nbsp;<strong>restaurations collectives, entreprises, cantines, associations ou artisans<\/strong>&nbsp;\u00e0 la recherche d\u2019un produit local, sain et savoureux.<br><br>Nous proposons plusieurs formats pour r\u00e9pondre \u00e0 vos besoins :<br>&#8211; Livraison en vrac pour de plus grands volumes<br>&#8211; Conditionnement en cartons pour plus de praticit\u00e9<\/p>\n\n\n\n<div class=\"wp-block-columns is-layout-flex wp-container-core-columns-is-layout-28f84493 wp-block-columns-is-layout-flex\">\n<div class=\"wp-block-column is-layout-flow wp-block-column-is-layout-flow\">\n<figure class=\"wp-block-video\"><video height=\"1280\" style=\"aspect-ratio: 720 \/ 1280;\" width=\"720\" autoplay controls muted src=\"https:\/\/www.les-legumes-dhilaire.com\/wp-content\/uploads\/2025\/10\/copy_D386C9C2-AB1A-436F-B038-3C932E2834FE.mov\"><\/video><\/figure>\n<\/div>\n\n\n\n<div class=\"wp-block-column is-layout-flow wp-block-column-is-layout-flow\">\n<div style=\"height:135px\" aria-hidden=\"true\" class=\"wp-block-spacer\"><\/div>\n\n\n\n<p class=\"has-background has-small-font-size\" style=\"border-style:none;border-width:0px;border-radius:29px;background-color:#9b8a76\">Pour toutes demandes d&rsquo;informations ou de commande, contactez nous :<br><br>Tel : 06 37 71 90 49<br>Mail : <br><br>ou directement via notre formulaire de contact <\/p>\n\n\n\n<div class=\"wp-block-buttons is-content-justification-center is-layout-flex wp-container-core-buttons-is-layout-a89b3969 wp-block-buttons-is-layout-flex\">\n<div class=\"wp-block-button\"><a class=\"wp-block-button__link wp-element-button\" href=\"https:\/\/www.les-legumes-dhilaire.com\/?page_id=212\">Contactez-nous<\/a><\/div>\n<\/div>\n<\/div>\n<\/div>\n","protected":false},"excerpt":{"rendered":"<p>Un d\u00e9sir d&rsquo;entreprendre et de valoriser notre territoire ! Nous sommes avant tout une famille d&rsquo;agriculteurs. Je m&rsquo;appelle Hilaire Fert\u00e9, j&rsquo;ai 30 ans et avec mon \u00e9pouse nous dirigeons l&rsquo;entreprise SAS Hilaire Agri-Services. Voulant apporter un peu de jeunesse \u00e0 notre entreprise, la diversification nous paraissait indispensable. J&rsquo;ai introduit la production de lentilles vertes dans [&hellip;]<\/p>\n","protected":false},"author":1,"featured_media":0,"parent":0,"menu_order":0,"comment_status":"closed","ping_status":"closed","template":"page-no-title","meta":{"footnotes":""},"class_list":["post-227","page","type-page","status-publish","hentry"],"_links":{"self":[{"href":"https:\/\/www.les-legumes-dhilaire.com\/index.php?rest_route=\/wp\/v2\/pages\/227","targetHints":{"allow":["GET"]}}],"collection":[{"href":"https:\/\/www.les-legumes-dhilaire.com\/index.php?rest_route=\/wp\/v2\/pages"}],"about":[{"href":"https:\/\/www.les-legumes-dhilaire.com\/index.php?rest_route=\/wp\/v2\/types\/page"}],"author":[{"embeddable":true,"href":"https:\/\/www.les-legumes-dhilaire.com\/index.php?rest_route=\/wp\/v2\/users\/1"}],"replies":[{"embeddable":true,"href":"https:\/\/www.les-legumes-dhilaire.com\/index.php?rest_route=%2Fwp%2Fv2%2Fcomments&post=227"}],"version-history":[{"count":3,"href":"https:\/\/www.les-legumes-dhilaire.com\/index.php?rest_route=\/wp\/v2\/pages\/227\/revisions"}],"predecessor-version":[{"id":270,"href":"https:\/\/www.les-legumes-dhilaire.com\/index.php?rest_route=\/wp\/v2\/pages\/227\/revisions\/270"}],"wp:attachment":[{"href":"https:\/\/www.les-legumes-dhilaire.com\/index.php?rest_route=%2Fwp%2Fv2%2Fmedia&parent=227"}],"curies":[{"name":"wp","href":"https:\/\/api.w.org\/{rel}","templated":true}]}}