{"id":178,"date":"2025-10-21T09:08:46","date_gmt":"2025-10-21T09:08:46","guid":{"rendered":"https:\/\/www.les-legumes-dhilaire.com\/?page_id=178"},"modified":"2025-10-31T09:36:10","modified_gmt":"2025-10-31T09:36:10","slug":"nos-produits-2","status":"publish","type":"page","link":"https:\/\/www.les-legumes-dhilaire.com\/?page_id=178","title":{"rendered":"Nos produits"},"content":{"rendered":"\n<figure class=\"wp-block-image alignfull size-large has-custom-border is-style-default\" style=\"margin-top:0;margin-bottom:0\"><img loading=\"lazy\" decoding=\"async\" width=\"1024\" height=\"576\" src=\"https:\/\/www.les-legumes-dhilaire.com\/wp-content\/uploads\/2025\/10\/Ajouter-un-sous-titre-3-1024x576.png\" alt=\"\" class=\"wp-image-168\" style=\"border-style:none;border-width:0px;border-radius:0px\" srcset=\"https:\/\/www.les-legumes-dhilaire.com\/wp-content\/uploads\/2025\/10\/Ajouter-un-sous-titre-3-1024x576.png 1024w, https:\/\/www.les-legumes-dhilaire.com\/wp-content\/uploads\/2025\/10\/Ajouter-un-sous-titre-3-300x169.png 300w, https:\/\/www.les-legumes-dhilaire.com\/wp-content\/uploads\/2025\/10\/Ajouter-un-sous-titre-3-768x432.png 768w, https:\/\/www.les-legumes-dhilaire.com\/wp-content\/uploads\/2025\/10\/Ajouter-un-sous-titre-3-600x337.png 600w, https:\/\/www.les-legumes-dhilaire.com\/wp-content\/uploads\/2025\/10\/Ajouter-un-sous-titre-3.png 1366w\" sizes=\"auto, (max-width: 1024px) 100vw, 1024px\" \/><\/figure>\n\n\n\n<div class=\"wp-block-columns alignwide is-layout-flex wp-container-core-columns-is-layout-28f84493 wp-block-columns-is-layout-flex\">\n<div class=\"wp-block-column is-layout-flow wp-block-column-is-layout-flow\" style=\"flex-basis:33.33%\">\n<figure class=\"wp-block-video\"><video height=\"1078\" style=\"aspect-ratio: 1920 \/ 1078;\" width=\"1920\" autoplay controls muted src=\"https:\/\/www.les-legumes-dhilaire.com\/wp-content\/uploads\/2025\/03\/copy_1C42B0B6-44EF-4817-9603-DC4542A4835B.mov\"><\/video><\/figure>\n<\/div>\n\n\n\n<div class=\"wp-block-column is-style-default has-background has-medium-font-size is-layout-flow wp-block-column-is-layout-flow\" style=\"border-radius:29px;background-color:#9b8a76;padding-top:0;padding-bottom:0;flex-basis:66%\">\n<p class=\"has-medium-font-size\" style=\"border-radius:29px;padding-top:var(--wp--preset--spacing--30);padding-right:var(--wp--preset--spacing--20);padding-bottom:var(--wp--preset--spacing--30);padding-left:var(--wp--preset--spacing--20)\">Chez&nbsp;Les L\u00e9gumes d\u2019Hilaire, nous cultivons bien plus que des l\u00e9gumes : nous cultivons le go\u00fbt et la qualit\u00e9, jusqu\u2019aux lentilles. Nos lentilles sont soigneusement s\u00e9lectionn\u00e9es et cultiv\u00e9es localement, dans le respect des sols et des saisons.<br><br>Riches en saveurs et en nutriments, elles apportent \u00e0 vos plats une texture unique et un go\u00fbt authentique. Que ce soit pour une soupe, une salade ou un plat mijot\u00e9, nos lentilles sont le choix id\u00e9al pour allier sant\u00e9, plaisir et responsabilit\u00e9.<\/p>\n<\/div>\n<\/div>\n\n\n\n<div class=\"wp-block-columns is-layout-flex wp-container-core-columns-is-layout-cad298ab wp-block-columns-is-layout-flex\" style=\"padding-right:var(--wp--preset--spacing--60);padding-left:var(--wp--preset--spacing--60)\">\n<div class=\"wp-block-column is-layout-flow wp-block-column-is-layout-flow\" style=\"flex-basis:50%\">\n<div class=\"wp-block-buttons is-content-justification-center is-layout-flex wp-container-core-buttons-is-layout-a89b3969 wp-block-buttons-is-layout-flex\">\n<div class=\"wp-block-button\"><a class=\"wp-block-button__link wp-element-button\" href=\"https:\/\/www.les-legumes-dhilaire.com\/?page_id=261\">Particulier<\/a><\/div>\n<\/div>\n<\/div>\n\n\n\n<div class=\"wp-block-column is-layout-flow wp-block-column-is-layout-flow\" style=\"flex-basis:50%\">\n<div class=\"wp-block-buttons is-content-justification-center is-layout-flex wp-container-core-buttons-is-layout-a89b3969 wp-block-buttons-is-layout-flex\">\n<div class=\"wp-block-button has-custom-width wp-block-button__width-75\"><a class=\"wp-block-button__link wp-element-button\" href=\"https:\/\/www.les-legumes-dhilaire.com\/?page_id=227\" style=\"padding-right:0;padding-left:0\">Professionnel<\/a><\/div>\n<\/div>\n<\/div>\n<\/div>\n","protected":false},"excerpt":{"rendered":"<p>Chez&nbsp;Les L\u00e9gumes d\u2019Hilaire, nous cultivons bien plus que des l\u00e9gumes : nous cultivons le go\u00fbt et la qualit\u00e9, jusqu\u2019aux lentilles. Nos lentilles sont soigneusement s\u00e9lectionn\u00e9es et cultiv\u00e9es localement, dans le respect des sols et des saisons. Riches en saveurs et en nutriments, elles apportent \u00e0 vos plats une texture unique et un go\u00fbt authentique. Que [&hellip;]<\/p>\n","protected":false},"author":1,"featured_media":0,"parent":0,"menu_order":0,"comment_status":"closed","ping_status":"closed","template":"page-no-title","meta":{"footnotes":""},"class_list":["post-178","page","type-page","status-publish","hentry"],"_links":{"self":[{"href":"https:\/\/www.les-legumes-dhilaire.com\/index.php?rest_route=\/wp\/v2\/pages\/178","targetHints":{"allow":["GET"]}}],"collection":[{"href":"https:\/\/www.les-legumes-dhilaire.com\/index.php?rest_route=\/wp\/v2\/pages"}],"about":[{"href":"https:\/\/www.les-legumes-dhilaire.com\/index.php?rest_route=\/wp\/v2\/types\/page"}],"author":[{"embeddable":true,"href":"https:\/\/www.les-legumes-dhilaire.com\/index.php?rest_route=\/wp\/v2\/users\/1"}],"replies":[{"embeddable":true,"href":"https:\/\/www.les-legumes-dhilaire.com\/index.php?rest_route=%2Fwp%2Fv2%2Fcomments&post=178"}],"version-history":[{"count":12,"href":"https:\/\/www.les-legumes-dhilaire.com\/index.php?rest_route=\/wp\/v2\/pages\/178\/revisions"}],"predecessor-version":[{"id":273,"href":"https:\/\/www.les-legumes-dhilaire.com\/index.php?rest_route=\/wp\/v2\/pages\/178\/revisions\/273"}],"wp:attachment":[{"href":"https:\/\/www.les-legumes-dhilaire.com\/index.php?rest_route=%2Fwp%2Fv2%2Fmedia&parent=178"}],"curies":[{"name":"wp","href":"https:\/\/api.w.org\/{rel}","templated":true}]}}